{"id":2,"date":"2007-10-28T17:32:00","date_gmt":"2007-10-28T16:32:00","guid":{"rendered":""},"modified":"2017-07-03T22:12:34","modified_gmt":"2017-07-03T20:12:34","slug":"impressum","status":"publish","type":"page","link":"https:\/\/www.schachclub-oberwinden.de\/wp3\/uber-uns\/impressum\/","title":{"rendered":"Impressum"},"content":{"rendered":"<p><strong>Anschrift:<\/strong><\/p>\n<p>Schachclub Oberwinden 1957 e.V.<br \/>\n1. Vorsitzender<br \/>\nMichael Kammerer<br \/>\nErzenbachstr. 3 D<br \/>\n79297 Winden im Elztal<\/p>\n<p><strong>Telefon:<\/strong> 07682 \/ 67362<\/p>\n<p><strong>E-Mail:<\/strong><br \/>\ninfo@schachclub-oberwinden.de<br \/>\nwebmaster@schachclub-oberwinden.de<\/p>\n<p><strong>Web:<\/strong><br \/>\n<a title=\"www.schachclub-oberwinden.de\" href=\"http:\/\/www.schachclub-oberwinden.de\" target=\"_blank\" rel=\"noopener noreferrer\">www.schachclub-oberwinden.de<\/a><br \/>\n<a title=\"www.schachclub-oberwinden.org\" href=\"http:\/\/www.schachclub-oberwinden.org\" target=\"_blank\" rel=\"noopener noreferrer\">www.schachclub-oberwinden.org<br \/>\n<\/a><a title=\"www.bsk2007.org\" href=\"http:\/\/www.bsk2007.org\" target=\"_blank\" rel=\"noopener noreferrer\">www.bsk2007.org<br \/>\n<\/a><a title=\"www.bsk2007.org\" href=\"http:\/\/www.bsk2007.org\" target=\"_blank\" rel=\"noopener noreferrer\"><br \/>\n<\/a><\/p>\n<p><strong>Vertretungsberechtigt:<\/strong> Michael Kammerer<br \/>\n<strong>Eingetragen im Vereinsregister Waldkirch, Nr. 163<\/strong><\/p>\n<p><strong>Gestaltung und Inhalt:<\/strong><br \/>\nTilo Minges<br \/>\nAlexander Lang<br \/>\nAndreas Wernet<br \/>\nMario R\u00f6sch<\/p>\n<p><strong>Haftung:<\/strong><br \/>\nAlle Informationen auf diesen Seiten erfolgen ohne Gew\u00e4hr f\u00fcr ihre Richtigkeit. In keinem Fall wird f\u00fcr Sch\u00e4den, die sich aus der Verwendung der abgerufenen Informationen ergeben, eine Haftung \u00fcbernommen. F\u00fcr Fehler im Text oder falsche Links wird ebenfalls keine Haftung \u00fcbernommen. F\u00fcr die Inhalte der \u00fcber Hyperlinks verbundenen externen Angebote sind die jeweiligen Betreiber verantwortlich. Wir distanzieren uns aus juristischen Gr\u00fcnden generell vom Inhalt der verkn\u00fcpften fremden Webseiten.<\/p>\n","protected":false},"excerpt":{"rendered":"<p>Anschrift:<\/p>\n<p>Schachclub Oberwinden 1957 e.V. 1. Vorsitzender Michael Kammerer Erzenbachstr. 3 D 79297 Winden im Elztal<\/p>\n<p>Telefon: 07682 \/ 67362<\/p>\n<p>E-Mail: info@schachclub-oberwinden.de webmaster@schachclub-oberwinden.de<\/p>\n<p>Web: www.schachclub-oberwinden.de www.schachclub-oberwinden.org www.bsk2007.org <\/p>\n<p>Vertretungsberechtigt: Michael Kammerer Eingetragen im Vereinsregister Waldkirch, Nr. 163<\/p>\n<p>Gestaltung und Inhalt: Tilo Minges Alexander Lang Andreas Wernet Mario R\u00f6sch<\/p>\n<p>Haftung: Alle Informationen auf diesen Seiten erfolgen [&#8230;]<\/p>\n","protected":false},"author":1,"featured_media":0,"parent":3,"menu_order":0,"comment_status":"open","ping_status":"open","template":"","meta":{"footnotes":""},"class_list":["post-2","page","type-page","status-publish","hentry","odd"],"_links":{"self":[{"href":"https:\/\/www.schachclub-oberwinden.de\/wp3\/wp-json\/wp\/v2\/pages\/2","targetHints":{"allow":["GET"]}}],"collection":[{"href":"https:\/\/www.schachclub-oberwinden.de\/wp3\/wp-json\/wp\/v2\/pages"}],"about":[{"href":"https:\/\/www.schachclub-oberwinden.de\/wp3\/wp-json\/wp\/v2\/types\/page"}],"author":[{"embeddable":true,"href":"https:\/\/www.schachclub-oberwinden.de\/wp3\/wp-json\/wp\/v2\/users\/1"}],"replies":[{"embeddable":true,"href":"https:\/\/www.schachclub-oberwinden.de\/wp3\/wp-json\/wp\/v2\/comments?post=2"}],"version-history":[{"count":6,"href":"https:\/\/www.schachclub-oberwinden.de\/wp3\/wp-json\/wp\/v2\/pages\/2\/revisions"}],"predecessor-version":[{"id":8254,"href":"https:\/\/www.schachclub-oberwinden.de\/wp3\/wp-json\/wp\/v2\/pages\/2\/revisions\/8254"}],"up":[{"embeddable":true,"href":"https:\/\/www.schachclub-oberwinden.de\/wp3\/wp-json\/wp\/v2\/pages\/3"}],"wp:attachment":[{"href":"https:\/\/www.schachclub-oberwinden.de\/wp3\/wp-json\/wp\/v2\/media?parent=2"}],"curies":[{"name":"wp","href":"https:\/\/api.w.org\/{rel}","templated":true}]}}