{"id":18,"date":"2007-11-06T11:03:35","date_gmt":"2007-11-06T10:03:35","guid":{"rendered":"http:\/\/www.schachclub-oberwinden.de\/wp3\/spielbetrieb\/vereinsturniere\/"},"modified":"2018-03-01T22:23:09","modified_gmt":"2018-03-01T21:23:09","slug":"vereinsturniere","status":"publish","type":"page","link":"https:\/\/www.schachclub-oberwinden.de\/wp3\/spielbetrieb\/vereinsturniere\/","title":{"rendered":"Vereinsturniere"},"content":{"rendered":"<h2><em><strong>Vereinsturniere SC Oberwinden 17\/18<\/strong><\/em><\/h2>\n<p><strong>Vereinspokal VF:<\/strong><\/p>\n<p>Edi Kais \u2013 Alex Lang<\/p>\n<p>Oli Burger \u2013 (Martin He\u00df \u2013 Andi Wernet)<\/p>\n<p><strong>Mario R\u00f6sch<\/strong>\u00a0\u2013 Jens Alber\u00a0 1-0<\/p>\n<p><strong>Peter Pauk<\/strong>\u00a0\u2013 Martin Wissler\u00a0 1-0<\/p>\n<p>&nbsp;<\/p>\n<p><strong>Vereinspokal Vorrunde:<\/strong><\/p>\n<p>Martin He\u00df \u2013 Andi Wernet<\/p>\n<p>================================================================================================<\/p>\n<p><strong>Vereinsturnier &#8211; Zwischenstand nach 4 Runden<\/strong><\/p>\n<p>1. Eddi Kais 3,5 Punkte<\/p>\n<p>2. Andreas Wernet 3 P.<\/p>\n<p>3. Martin Wissler 2,5 P.<\/p>\n<p>4 Alexander Lang, Markus Oswald, Markus Mack, Torsten Becherer, Oliver Burger, Jens Alber, Thomas Ruf jeweils 2 Punkte<\/p>\n<p>11. Peter Pauk 1 Punkt<\/p>\n<p>=================================================================================================<\/p>\n<p><strong>Vereinsblitz &#8211; Zwischenstand nach 3 Runden<\/strong><\/p>\n<p>Punkte \/ Turniere<\/p>\n<p>1.M. R\u00f6sch 15 \/ 2<\/p>\n<p>2. A. Lang 15 \/ 3<\/p>\n<p>3. E. Kais 13 \/ 2<\/p>\n<p>4. S. V\u00f6lker 11 \/ 2<\/p>\n<p>5. M. Hess 7 \/ 2<\/p>\n<p>6. J. Alber 6 \/ 3<\/p>\n<p>7. D Sonnenfeld 5 \/ 1<\/p>\n<p>8. M. Wissler 5 \/ 2<\/p>\n<p>9. O. Burger 2,5 \/ 1<\/p>\n<p>10.T. Ruf 2 \/ 1<\/p>\n<p>11. W. Scherer 1,5 \/ 2<\/p>\n<p>12. M. Mack 1 \/ 1<\/p>\n<hr \/>\n<p><strong><u>Blitzturnier 1<\/u><\/strong><\/p>\n<ol>\n<li>Eddi Kais \u2013 6 Punkte<br \/>\n2. Sebastian V\u00f6lker \u2013 5,5 Punkte<br \/>\n3. Daniel Sonnenfeld \u2013 5 Punkte<br \/>\n4. Alexander Lang \u2013 4 Punkte<br \/>\n5. Martin Wissler \u2013 2,5 Punkte<br \/>\n6. Jens Alber \u2013 2 Punkte<br \/>\n6. Thomas Ruf \u2013 2 Punkte<br \/>\n8. Markus Mack \u2013 1 Punkt<\/li>\n<\/ol>\n<p><strong><u>Blitzturnier 2<\/u><\/strong><\/p>\n<ol>\n<li>Mario R\u00f6sch &#8211; 8\u00a0Punkte<\/li>\n<li>Eddi Kais &#8211; 7\u00a0Punkte<\/li>\n<li>Sebastian V\u00f6lker &#8211; 5,5\u00a0Punkte<\/li>\n<li>Alexander Lang &#8211; 4\u00a0Punkte<\/li>\n<li>Martin Hess &#8211; 3,5\u00a0Punkte<\/li>\n<li>Oli Burger &#8211; 2,5\u00a0Punkte<\/li>\n<li>Martin Wissler &#8211; 2,5\u00a0Punkte<\/li>\n<li>Jens Markus Alber &#8211; 2\u00a0Punkte<\/li>\n<li>Wolfgang Scherer &#8211; 1\u00a0Punkt<\/li>\n<\/ol>\n<p><strong><u>Blitzturnier 3<\/u><\/strong>(doppelrundig gespielt)<\/p>\n<p style=\"padding-left: 30px;\">1. Alexander Lang &#8211; 7\u00a0Punkte<br \/>\n1. Mario R\u00f6sch &#8211; 7\u00a0Punkte<br \/>\n3. Martin Hess &#8211; 3,5\u00a0Punkte<br \/>\n4. Jens Markus Alber &#8211; 2\u00a0Punkte<br \/>\n5. Wolfgang Scherer &#8211; 0,5\u00a0Punkte<\/p>\n<p>=================================================================================<\/p>\n<p><strong>Spielbericht Vereinsmeisterschaft Oberwinden 2007\/08<\/strong><\/p>\n<p><strong>1. Runde Favoriten mit M\u00fche<\/strong><br \/>\n9 K\u00e4mpfer hatten sich f\u00fcr die VM angemeldet und die erste Runde zeigte gleich, dass die Favoriten sich ganz sch\u00f6n anstregen m\u00fcssen. Oswald setzte sich nur mit M\u00fche gegen Schomas durch, Neuendorf spielte eine saubere Er\u00f6ffnung mit schwarz gegen Lang (Slawisch) und stand klar besser, verlor aber dann im Endspiel doch noch den Faden.<br \/>\nWissler verlor ebenfalls seine bessere Stellung gegen Pauk. Mack gegen Kais war eine lange Holl\u00e4ndische Kampfpartie, 0:1 im 59.Zug. Allerdings hatte Mack die M\u00f6glichkeit Remis durch Dauerschach zu erzwingen ausgelassen. Spielfrei hatte Meyer.<\/p>\n<p><strong>2.Runde Gute Qualt\u00e4t der Partien<\/strong><br \/>\nPauk gewinnt eine heisse Gr\u00fcnfeld Partie gegen Mack, der erneut eine Dauerschachm\u00f6glichkeit ausgelassen hat. Pauk nimmt damit die Tabellenf\u00fchrung ein. Neuendorf verliert eine von Wissler sehr gut gespielte Sizilianische Kampfpartie. Schomas spielt mit schwarz eine saubere Angriffspartie und bekommt einen Achtungserfolg gegen den starken Meyer.<br \/>\n(Spielfrei Kais, Oswald-Lang verschoben)<\/p>\n<p style=\"margin-bottom: 0cm;\"><strong>3.Runde Paukenschlag<\/strong><br \/>\nMeyer gewinnt mit schwarz gegen einen Turnierfavorit Lang . Gerade gegen den supersoliden Lang mit schwarz zu gewinnen ist schier unm\u00f6glich. Die Partie war von beide Seiten sehr stark gespielt und sehr scharf angesetzt. Angefangen hat Walter mit Tschechisch und dann hat er sich geschickt eingeigelt. Mit e5 nebst f5 eine gute Bauernstellung erreicht und dann schlug Alex auf g6 und versch\u00e4rfte die Sache geschickt noch mehr. Die Partie war im Gleichgewicht bis Lang im 35.Zug den Verlustzug macht.<br \/>\nHier die Notation Lang-Meyer 1.d4 Sf6 2.Sf3 d6 3.Lf4 Sbd7 4.h3 c5 5.e3 d6 6.c4 g6 7.Sc3 Lg7 8.Le2 oo 9.oo Te8 10.Lh2 b6 11.a4 cd (=) 12.ed Dc7 13.f4 Lb7 14.Db3 Se4 15.Se4 Le4 16.De3 Lb7 17.Tac1 e5 18.d5 Sf6 19.Sd2 Dd8 20.Lg3 h6 21.Sb3 Kh7 22.Ld3 Sh5 23.Lh2 f5! 24.g4 f4 25.Lg6! Kg6 26.gh Kh5 (eine malerische Stellung) 27.Df3 Kg6 28.De4 Kf7 29.Kh1 Df6 30.c5 dc 31.bc Tad8 32.c6 Lc8 33.Tfd1 Td6 34.Db4 Lh3 (bisher sieht es aus wie eine Partie von Schirov-Anand, mit Sd2 deckt e4 w\u00e4re es v\u00f6llig unklar) 35.Db6? Dg6! Droht auf g2 und e4 deshalb 0:1 !!<\/p>\n<style type=\"text\/css\"> \t<!-- @page { size: 21cm 29.7cm; margin: 2cm } P { margin-bottom: 0.21cm } --><\/style>\n<p>Wissler gegen Oswald endet Remis und Mack gewinnt gegen Neuendorf der jetzt trotz gute Partien mit der sogenannten lange Rochade (drei Nullen) die Tabelle von hinten anf\u00fchrt.<\/p>\n<p>Inzwischen hat Lang zwei weitere Partien gespielt, beide mit schwarz gewonnen und die Tabellenspitze eingenommen. Oswald-Lang 0:1 und Schomas-Lang 0:1<br \/>\nZwischenstand:<\/p>\n<p>1. Lang 3:1<br \/>\n2. Pauk 2:0<br \/>\n3. Wissler 1,5:0,5<br \/>\n4. Oswald 1,5:1,5<br \/>\n5. Kais 1:0<br \/>\n6. Meyer 1:1<br \/>\n7.-8. Mack, Schomas 1:2<br \/>\n9. Neuendorf 0:3<\/p>\n<p>Eddi Kais (Turnierleiter)<\/p>\n<p>&#8212;<\/p>\n<p>Weitere Ergebnisse und Berichte zu fr\u00fcheren Vereinsturnieren befinden sich u. a. in unserem Forum:<\/p>\n<p><a title=\"Vereinsturniere\" href=\"http:\/\/www.schachclub-oberwinden.de\/phpBB2\/viewforum.php?f=17\" target=\"_blank\" rel=\"noopener\">Forum-Vereinsturniere<\/a><\/p>\n","protected":false},"excerpt":{"rendered":"<p>Vereinsturniere SC Oberwinden 17\/18 <\/p>\n<p>Vereinspokal VF:<\/p>\n<p>Edi Kais \u2013 Alex Lang<\/p>\n<p>Oli Burger \u2013 (Martin He\u00df \u2013 Andi Wernet)<\/p>\n<p>Mario R\u00f6sch \u2013 Jens Alber 1-0<\/p>\n<p>Peter Pauk \u2013 Martin Wissler 1-0<\/p>\n<p>&nbsp;<\/p>\n<p>Vereinspokal Vorrunde:<\/p>\n<p>Martin He\u00df \u2013 Andi Wernet<\/p>\n<p>================================================================================================<\/p>\n<p>Vereinsturnier &#8211; Zwischenstand nach 4 Runden<\/p>\n<p>1. Eddi Kais 3,5 Punkte<\/p>\n<p>2. Andreas Wernet 3 [&#8230;]<\/p>\n","protected":false},"author":1,"featured_media":0,"parent":6,"menu_order":0,"comment_status":"open","ping_status":"open","template":"","meta":{"footnotes":""},"class_list":["post-18","page","type-page","status-publish","hentry","odd"],"_links":{"self":[{"href":"https:\/\/www.schachclub-oberwinden.de\/wp3\/wp-json\/wp\/v2\/pages\/18","targetHints":{"allow":["GET"]}}],"collection":[{"href":"https:\/\/www.schachclub-oberwinden.de\/wp3\/wp-json\/wp\/v2\/pages"}],"about":[{"href":"https:\/\/www.schachclub-oberwinden.de\/wp3\/wp-json\/wp\/v2\/types\/page"}],"author":[{"embeddable":true,"href":"https:\/\/www.schachclub-oberwinden.de\/wp3\/wp-json\/wp\/v2\/users\/1"}],"replies":[{"embeddable":true,"href":"https:\/\/www.schachclub-oberwinden.de\/wp3\/wp-json\/wp\/v2\/comments?post=18"}],"version-history":[{"count":3,"href":"https:\/\/www.schachclub-oberwinden.de\/wp3\/wp-json\/wp\/v2\/pages\/18\/revisions"}],"predecessor-version":[{"id":8557,"href":"https:\/\/www.schachclub-oberwinden.de\/wp3\/wp-json\/wp\/v2\/pages\/18\/revisions\/8557"}],"up":[{"embeddable":true,"href":"https:\/\/www.schachclub-oberwinden.de\/wp3\/wp-json\/wp\/v2\/pages\/6"}],"wp:attachment":[{"href":"https:\/\/www.schachclub-oberwinden.de\/wp3\/wp-json\/wp\/v2\/media?parent=18"}],"curies":[{"name":"wp","href":"https:\/\/api.w.org\/{rel}","templated":true}]}}